{"id":225,"date":"2020-11-09T15:00:25","date_gmt":"2020-11-09T14:00:25","guid":{"rendered":"https:\/\/dev-carsopharm.votan.co\/?page_id=225"},"modified":"2022-11-24T15:24:22","modified_gmt":"2022-11-24T14:24:22","slug":"skladnost-poslovanja","status":"publish","type":"page","link":"https:\/\/www.carsopharm.com\/sl\/o-nas\/skladnost-poslovanja\/","title":{"rendered":"Skladnost poslovanja"},"content":{"rendered":"\t\t<div data-elementor-type=\"wp-page\" data-elementor-id=\"225\" class=\"elementor elementor-225\" data-elementor-post-type=\"page\">\n\t\t\t\t\t\t<section class=\"elementor-section elementor-top-section elementor-element elementor-element-ded61a4 elementor-section-height-min-height elementor-section-boxed elementor-section-height-default elementor-section-items-middle\" data-id=\"ded61a4\" data-element_type=\"section\" data-settings=\"{&quot;background_background&quot;:&quot;classic&quot;}\">\n\t\t\t\t\t\t<div class=\"elementor-container elementor-column-gap-default\">\n\t\t\t\t\t<div class=\"elementor-column elementor-col-100 elementor-top-column elementor-element elementor-element-04c8e58\" data-id=\"04c8e58\" data-element_type=\"column\">\n\t\t\t<div class=\"elementor-widget-wrap\">\n\t\t\t\t\t\t\t<\/div>\n\t\t<\/div>\n\t\t\t\t\t<\/div>\n\t\t<\/section>\n\t\t\t\t<section class=\"elementor-section elementor-top-section elementor-element elementor-element-6d8a83c elementor-section-boxed elementor-section-height-default elementor-section-height-default\" data-id=\"6d8a83c\" data-element_type=\"section\">\n\t\t\t\t\t\t<div class=\"elementor-container elementor-column-gap-no\">\n\t\t\t\t\t<div class=\"elementor-column elementor-col-50 elementor-top-column elementor-element elementor-element-8d4ff59\" data-id=\"8d4ff59\" data-element_type=\"column\">\n\t\t\t<div class=\"elementor-widget-wrap elementor-element-populated\">\n\t\t\t\t\t\t<section class=\"elementor-section elementor-inner-section elementor-element elementor-element-d0663d3 elementor-section-boxed elementor-section-height-default elementor-section-height-default\" data-id=\"d0663d3\" data-element_type=\"section\">\n\t\t\t\t\t\t<div class=\"elementor-container elementor-column-gap-default\">\n\t\t\t\t\t<div class=\"elementor-column elementor-col-100 elementor-inner-column elementor-element elementor-element-98c3395\" data-id=\"98c3395\" data-element_type=\"column\" data-settings=\"{&quot;background_background&quot;:&quot;classic&quot;}\">\n\t\t\t<div class=\"elementor-widget-wrap elementor-element-populated\">\n\t\t\t\t\t\t\t<\/div>\n\t\t<\/div>\n\t\t\t\t\t<\/div>\n\t\t<\/section>\n\t\t\t\t\t<\/div>\n\t\t<\/div>\n\t\t\t\t<div class=\"elementor-column elementor-col-50 elementor-top-column elementor-element elementor-element-ec52801\" data-id=\"ec52801\" data-element_type=\"column\">\n\t\t\t<div class=\"elementor-widget-wrap elementor-element-populated\">\n\t\t\t\t\t\t<div class=\"elementor-element elementor-element-ecbdfb4 elementor-blockquote--skin-clean elementor-widget elementor-widget-blockquote\" data-id=\"ecbdfb4\" data-element_type=\"widget\" data-widget_type=\"blockquote.default\">\n\t\t\t\t<div class=\"elementor-widget-container\">\n\t\t\t\t\t\t\t<blockquote class=\"elementor-blockquote\">\n\t\t\t<p class=\"elementor-blockquote__content\">\n\t\t\t\tNa\u0161a trdna korporativna kultura skladnega ravnanja temelji na Kodeksu ravnanja\n<div><br><\/div>\t\t\t<\/p>\n\t\t\t\t\t<\/blockquote>\n\t\t\t\t\t\t<\/div>\n\t\t\t\t<\/div>\n\t\t\t\t<div class=\"elementor-element elementor-element-a00bff8 elementor-widget elementor-widget-text-editor\" data-id=\"a00bff8\" data-element_type=\"widget\" data-widget_type=\"text-editor.default\">\n\t\t\t\t<div class=\"elementor-widget-container\">\n\t\t\t\t\t\t\t\t\t<p>Kodeks ravnanja poudarja politiko ni\u010delne tolerance do podkupovanja ter drugih dejanj posameznikov ali dru\u017eb, ki lahko negativno vplivajo na ugled Skupine Salus ali so nedopustna s\u00a0pravnega, moralnega ali eti\u010dnega vidika in opredeljuje osnovna na\u010dela sprejemljivega ravnanja tako za zaposlene kot tudi za ponudnike storitev.<\/p>\t\t\t\t\t\t\t\t<\/div>\n\t\t\t\t<\/div>\n\t\t\t\t\t<\/div>\n\t\t<\/div>\n\t\t\t\t\t<\/div>\n\t\t<\/section>\n\t\t\t\t<section class=\"elementor-section elementor-top-section elementor-element elementor-element-8c806fe elementor-section-boxed elementor-section-height-default elementor-section-height-default\" data-id=\"8c806fe\" data-element_type=\"section\">\n\t\t\t\t\t\t<div class=\"elementor-container elementor-column-gap-no\">\n\t\t\t\t\t<div class=\"elementor-column elementor-col-100 elementor-top-column elementor-element elementor-element-062c4ec\" data-id=\"062c4ec\" data-element_type=\"column\">\n\t\t\t<div class=\"elementor-widget-wrap elementor-element-populated\">\n\t\t\t\t\t\t<div class=\"elementor-element elementor-element-918b620 elementor-widget elementor-widget-image\" data-id=\"918b620\" data-element_type=\"widget\" data-widget_type=\"image.default\">\n\t\t\t\t<div class=\"elementor-widget-container\">\n\t\t\t\t\t\t\t\t\t\t\t\t\t\t\t<img fetchpriority=\"high\" decoding=\"async\" width=\"1200\" height=\"350\" src=\"https:\/\/www.carsopharm.com\/wp-content\/uploads\/2020\/11\/foto-skladnost-poslovanja-1.jpg\" class=\"attachment-full size-full wp-image-646\" alt=\"Skladnost poslovanja \u2013 CARSO pharm\" srcset=\"https:\/\/www.carsopharm.com\/wp-content\/uploads\/2020\/11\/foto-skladnost-poslovanja-1.jpg 1200w, https:\/\/www.carsopharm.com\/wp-content\/uploads\/2020\/11\/foto-skladnost-poslovanja-1-300x88.jpg 300w, https:\/\/www.carsopharm.com\/wp-content\/uploads\/2020\/11\/foto-skladnost-poslovanja-1-1024x299.jpg 1024w, https:\/\/www.carsopharm.com\/wp-content\/uploads\/2020\/11\/foto-skladnost-poslovanja-1-768x224.jpg 768w\" sizes=\"(max-width: 1200px) 100vw, 1200px\" \/>\t\t\t\t\t\t\t\t\t\t\t\t\t\t\t<\/div>\n\t\t\t\t<\/div>\n\t\t\t\t\t<\/div>\n\t\t<\/div>\n\t\t\t\t\t<\/div>\n\t\t<\/section>\n\t\t\t\t<section class=\"elementor-section elementor-top-section elementor-element elementor-element-f38ed20 elementor-section-boxed elementor-section-height-default elementor-section-height-default\" data-id=\"f38ed20\" data-element_type=\"section\">\n\t\t\t\t\t\t<div class=\"elementor-container elementor-column-gap-no\">\n\t\t\t\t\t<div class=\"elementor-column elementor-col-50 elementor-top-column elementor-element elementor-element-4d42106\" data-id=\"4d42106\" data-element_type=\"column\">\n\t\t\t<div class=\"elementor-widget-wrap\">\n\t\t\t\t\t\t\t<\/div>\n\t\t<\/div>\n\t\t\t\t<div class=\"elementor-column elementor-col-50 elementor-top-column elementor-element elementor-element-c9b7045\" data-id=\"c9b7045\" data-element_type=\"column\">\n\t\t\t<div class=\"elementor-widget-wrap elementor-element-populated\">\n\t\t\t\t\t\t<div class=\"elementor-element elementor-element-15bd15e elementor-widget elementor-widget-text-editor\" data-id=\"15bd15e\" data-element_type=\"widget\" data-widget_type=\"text-editor.default\">\n\t\t\t\t<div class=\"elementor-widget-container\">\n\t\t\t\t\t\t\t\t\t<p>\u017de pol stoletja je eno na\u0161ih glavnih vodil ohranjanje dolgoletne tradicije osebne in poslovne integritete, sledenje najvi\u0161jim moralnim in eti\u010dnim standardom ter ravnanje v skladu z zakonodajo, drugimi predpisi, internimi akti, kakor tudi mednarodnim in nacionalnim\u00a0kodeksom farmacevtske industrije in industrije medicinskih pripomo\u010dkov.<\/p>\t\t\t\t\t\t\t\t<\/div>\n\t\t\t\t<\/div>\n\t\t\t\t<div class=\"elementor-element elementor-element-81b001f elementor-widget elementor-widget-button\" data-id=\"81b001f\" data-element_type=\"widget\" data-widget_type=\"button.default\">\n\t\t\t\t<div class=\"elementor-widget-container\">\n\t\t\t\t\t\t\t\t\t<div class=\"elementor-button-wrapper\">\n\t\t\t\t\t<a class=\"elementor-button elementor-button-link elementor-size-sm elementor-animation-float\" href=\"https:\/\/www.carsopharm.com\/wp-content\/uploads\/Kodeks_ravnanja_delniske_druzbe_SALUS_Ljubljana_dd_in_SKUPINE_SALUS.pdf\">\n\t\t\t\t\t\t<span class=\"elementor-button-content-wrapper\">\n\t\t\t\t\t\t<span class=\"elementor-button-icon\">\n\t\t\t\t<i aria-hidden=\"true\" class=\"fas fa-file-pdf\"><\/i>\t\t\t<\/span>\n\t\t\t\t\t\t\t\t\t<span class=\"elementor-button-text\">Kodeks ravnanja Salus&nbsp;d.d.<\/span>\n\t\t\t\t\t<\/span>\n\t\t\t\t\t<\/a>\n\t\t\t\t<\/div>\n\t\t\t\t\t\t\t\t<\/div>\n\t\t\t\t<\/div>\n\t\t\t\t\t<\/div>\n\t\t<\/div>\n\t\t\t\t\t<\/div>\n\t\t<\/section>\n\t\t\t\t<\/div>\n\t\t","protected":false},"excerpt":{"rendered":"<p>Na\u0161a trdna korporativna kultura skladnega ravnanja temelji na Kodeksu ravnanja Kodeks ravnanja poudarja politiko ni\u010delne tolerance do podkupovanja ter drugih dejanj posameznikov ali dru\u017eb, ki lahko negativno vplivajo na ugled Skupine Salus ali so nedopustna s\u00a0pravnega, moralnega ali eti\u010dnega vidika in opredeljuje osnovna na\u010dela sprejemljivega ravnanja tako za zaposlene kot tudi za ponudnike storitev. \u017de [&hellip;]<\/p>\n","protected":false},"author":1,"featured_media":0,"parent":104,"menu_order":0,"comment_status":"closed","ping_status":"closed","template":"","meta":{"footnotes":""},"class_list":["post-225","page","type-page","status-publish","hentry"],"_links":{"self":[{"href":"https:\/\/www.carsopharm.com\/sl\/wp-json\/wp\/v2\/pages\/225","targetHints":{"allow":["GET"]}}],"collection":[{"href":"https:\/\/www.carsopharm.com\/sl\/wp-json\/wp\/v2\/pages"}],"about":[{"href":"https:\/\/www.carsopharm.com\/sl\/wp-json\/wp\/v2\/types\/page"}],"author":[{"embeddable":true,"href":"https:\/\/www.carsopharm.com\/sl\/wp-json\/wp\/v2\/users\/1"}],"replies":[{"embeddable":true,"href":"https:\/\/www.carsopharm.com\/sl\/wp-json\/wp\/v2\/comments?post=225"}],"version-history":[{"count":13,"href":"https:\/\/www.carsopharm.com\/sl\/wp-json\/wp\/v2\/pages\/225\/revisions"}],"predecessor-version":[{"id":2318,"href":"https:\/\/www.carsopharm.com\/sl\/wp-json\/wp\/v2\/pages\/225\/revisions\/2318"}],"up":[{"embeddable":true,"href":"https:\/\/www.carsopharm.com\/sl\/wp-json\/wp\/v2\/pages\/104"}],"wp:attachment":[{"href":"https:\/\/www.carsopharm.com\/sl\/wp-json\/wp\/v2\/media?parent=225"}],"curies":[{"name":"wp","href":"https:\/\/api.w.org\/{rel}","templated":true}]}}