{"id":314,"date":"2020-11-10T15:10:32","date_gmt":"2020-11-10T14:10:32","guid":{"rendered":"https:\/\/dev-carsopharm.votan.co\/?page_id=314"},"modified":"2021-04-06T10:04:04","modified_gmt":"2021-04-06T08:04:04","slug":"podrocja-delovanja","status":"publish","type":"page","link":"https:\/\/www.carsopharm.com\/sl\/podrocja-delovanja\/","title":{"rendered":"Podro\u010dja delovanja"},"content":{"rendered":"\t\t<div data-elementor-type=\"wp-page\" data-elementor-id=\"314\" class=\"elementor elementor-314\" data-elementor-post-type=\"page\">\n\t\t\t\t\t\t<section class=\"elementor-section elementor-top-section elementor-element elementor-element-ded61a4 elementor-section-height-min-height elementor-section-boxed elementor-section-height-default elementor-section-items-middle\" data-id=\"ded61a4\" data-element_type=\"section\" data-settings=\"{&quot;background_background&quot;:&quot;classic&quot;}\">\n\t\t\t\t\t\t<div class=\"elementor-container elementor-column-gap-default\">\n\t\t\t\t\t<div class=\"elementor-column elementor-col-100 elementor-top-column elementor-element elementor-element-04c8e58\" data-id=\"04c8e58\" data-element_type=\"column\">\n\t\t\t<div class=\"elementor-widget-wrap\">\n\t\t\t\t\t\t\t<\/div>\n\t\t<\/div>\n\t\t\t\t\t<\/div>\n\t\t<\/section>\n\t\t\t\t<section class=\"elementor-section elementor-top-section elementor-element elementor-element-6d8a83c elementor-section-boxed elementor-section-height-default elementor-section-height-default\" data-id=\"6d8a83c\" data-element_type=\"section\">\n\t\t\t\t\t\t<div class=\"elementor-container elementor-column-gap-no\">\n\t\t\t\t\t<div class=\"elementor-column elementor-col-50 elementor-top-column elementor-element elementor-element-8d4ff59\" data-id=\"8d4ff59\" data-element_type=\"column\">\n\t\t\t<div class=\"elementor-widget-wrap elementor-element-populated\">\n\t\t\t\t\t\t<section class=\"elementor-section elementor-inner-section elementor-element elementor-element-d0663d3 elementor-section-boxed elementor-section-height-default elementor-section-height-default\" data-id=\"d0663d3\" data-element_type=\"section\">\n\t\t\t\t\t\t<div class=\"elementor-container elementor-column-gap-default\">\n\t\t\t\t\t<div class=\"elementor-column elementor-col-100 elementor-inner-column elementor-element elementor-element-98c3395\" data-id=\"98c3395\" data-element_type=\"column\" data-settings=\"{&quot;background_background&quot;:&quot;classic&quot;}\">\n\t\t\t<div class=\"elementor-widget-wrap elementor-element-populated\">\n\t\t\t\t\t\t\t<\/div>\n\t\t<\/div>\n\t\t\t\t\t<\/div>\n\t\t<\/section>\n\t\t\t\t\t<\/div>\n\t\t<\/div>\n\t\t\t\t<div class=\"elementor-column elementor-col-50 elementor-top-column elementor-element elementor-element-ec52801\" data-id=\"ec52801\" data-element_type=\"column\">\n\t\t\t<div class=\"elementor-widget-wrap elementor-element-populated\">\n\t\t\t\t\t\t<div class=\"elementor-element elementor-element-ecbdfb4 elementor-blockquote--skin-clean elementor-widget elementor-widget-blockquote\" data-id=\"ecbdfb4\" data-element_type=\"widget\" data-widget_type=\"blockquote.default\">\n\t\t\t\t<div class=\"elementor-widget-container\">\n\t\t\t\t\t\t\t<blockquote class=\"elementor-blockquote\">\n\t\t\t<p class=\"elementor-blockquote__content\">\n\t\t\t\tPonujamo celostne storitve najvi\u0161je kvalitete ter tako zagotavljamo najbolj\u0161e mo\u017ene pogoje za zastopstva razli\u010dnih podro\u010dij.\t\t\t<\/p>\n\t\t\t\t\t<\/blockquote>\n\t\t\t\t\t\t<\/div>\n\t\t\t\t<\/div>\n\t\t\t\t\t<\/div>\n\t\t<\/div>\n\t\t\t\t\t<\/div>\n\t\t<\/section>\n\t\t\t\t<section class=\"elementor-section elementor-top-section elementor-element elementor-element-aee7df3 elementor-section-boxed elementor-section-height-default elementor-section-height-default\" data-id=\"aee7df3\" data-element_type=\"section\">\n\t\t\t\t\t\t<div class=\"elementor-container elementor-column-gap-no\">\n\t\t\t\t\t<div class=\"elementor-column elementor-col-50 elementor-top-column elementor-element elementor-element-762bc9e\" data-id=\"762bc9e\" data-element_type=\"column\">\n\t\t\t<div class=\"elementor-widget-wrap elementor-element-populated\">\n\t\t\t\t\t\t<div class=\"elementor-element elementor-element-f6e8c25 elementor-widget elementor-widget-image\" data-id=\"f6e8c25\" data-element_type=\"widget\" data-widget_type=\"image.default\">\n\t\t\t\t<div class=\"elementor-widget-container\">\n\t\t\t\t\t\t\t\t\t\t\t\t\t\t\t\t<a href=\"https:\/\/www.carsopharm.com\/sl\/podrocja-delovanja\/partnerstva-s-farmacevtsko-industrijo\/\">\n\t\t\t\t\t\t\t<img decoding=\"async\" src=\"https:\/\/www.carsopharm.com\/wp-content\/uploads\/2020\/11\/ikona-partnerstva.svg\" class=\"attachment-full size-full wp-image-324\" alt=\"Partnerstva s farmacevtsko industrijo\" \/>\t\t\t\t\t\t\t\t<\/a>\n\t\t\t\t\t\t\t\t\t\t\t\t\t\t\t<\/div>\n\t\t\t\t<\/div>\n\t\t\t\t<div class=\"elementor-element elementor-element-8941f84 elementor-widget elementor-widget-heading\" data-id=\"8941f84\" data-element_type=\"widget\" data-widget_type=\"heading.default\">\n\t\t\t\t<div class=\"elementor-widget-container\">\n\t\t\t\t\t<h2 class=\"elementor-heading-title elementor-size-default\"><a href=\"https:\/\/www.carsopharm.com\/sl\/podrocja-delovanja\/partnerstva-s-farmacevtsko-industrijo\/\">Partnerstva s farmacevtsko industrijo<\/a><\/h2>\t\t\t\t<\/div>\n\t\t\t\t<\/div>\n\t\t\t\t<div class=\"elementor-element elementor-element-bf40376 elementor-widget elementor-widget-text-editor\" data-id=\"bf40376\" data-element_type=\"widget\" data-widget_type=\"text-editor.default\">\n\t\t\t\t<div class=\"elementor-widget-container\">\n\t\t\t\t\t\t\t\t\t<p>Zastopamo zdravila na recept in bolni\u0161ni\u010dna zdravila (Rx) ve\u010d mednarodnih farmacevtskih podjetij v Jugovzhodni Evropi (JVE).<br \/><a href=\"https:\/\/www.carsopharm.com\/sl\/podrocja-delovanja\/partnerstva-s-farmacevtsko-industrijo\/\">Ve\u010d &#8230;<\/a><\/p>\t\t\t\t\t\t\t\t<\/div>\n\t\t\t\t<\/div>\n\t\t\t\t\t<\/div>\n\t\t<\/div>\n\t\t\t\t<div class=\"elementor-column elementor-col-50 elementor-top-column elementor-element elementor-element-8662686\" data-id=\"8662686\" data-element_type=\"column\">\n\t\t\t<div class=\"elementor-widget-wrap elementor-element-populated\">\n\t\t\t\t\t\t<div class=\"elementor-element elementor-element-0c3885c elementor-widget elementor-widget-image\" data-id=\"0c3885c\" data-element_type=\"widget\" data-widget_type=\"image.default\">\n\t\t\t\t<div class=\"elementor-widget-container\">\n\t\t\t\t\t\t\t\t\t\t\t\t\t\t\t\t<a href=\"https:\/\/www.carsopharm.com\/sl\/podrocja-delovanja\/zastopstva-otc-izdelkov\/\">\n\t\t\t\t\t\t\t<img decoding=\"async\" src=\"https:\/\/www.carsopharm.com\/wp-content\/uploads\/2020\/11\/ikona-zastopstva-otc.svg\" class=\"attachment-full size-full wp-image-332\" alt=\"Zastopstva OTC izdelkov\" \/>\t\t\t\t\t\t\t\t<\/a>\n\t\t\t\t\t\t\t\t\t\t\t\t\t\t\t<\/div>\n\t\t\t\t<\/div>\n\t\t\t\t<div class=\"elementor-element elementor-element-04cd811 elementor-widget elementor-widget-heading\" data-id=\"04cd811\" data-element_type=\"widget\" data-widget_type=\"heading.default\">\n\t\t\t\t<div class=\"elementor-widget-container\">\n\t\t\t\t\t<h2 class=\"elementor-heading-title elementor-size-default\"><a href=\"https:\/\/www.carsopharm.com\/sl\/podrocja-delovanja\/zastopstva-otc-izdelkov\/\">Zastopstva OTC izdelkov<\/a><\/h2>\t\t\t\t<\/div>\n\t\t\t\t<\/div>\n\t\t\t\t<div class=\"elementor-element elementor-element-cddffb8 elementor-widget elementor-widget-text-editor\" data-id=\"cddffb8\" data-element_type=\"widget\" data-widget_type=\"text-editor.default\">\n\t\t\t\t<div class=\"elementor-widget-container\">\n\t\t\t\t\t\t\t\t\t<p>Zastopamo ve\u010d farmacevtskih podjetij z zdravili brez recepta, prehranskimi dopolnili in medicinskimi pripomo\u010dki.<br \/><a href=\"https:\/\/www.carsopharm.com\/sl\/podrocja-delovanja\/zastopstva-otc-izdelkov\/\">Ve\u010d &#8230;<\/a><\/p>\t\t\t\t\t\t\t\t<\/div>\n\t\t\t\t<\/div>\n\t\t\t\t\t<\/div>\n\t\t<\/div>\n\t\t\t\t\t<\/div>\n\t\t<\/section>\n\t\t\t\t<section class=\"elementor-section elementor-top-section elementor-element elementor-element-0f6f40b elementor-section-boxed elementor-section-height-default elementor-section-height-default\" data-id=\"0f6f40b\" data-element_type=\"section\">\n\t\t\t\t\t\t<div class=\"elementor-container elementor-column-gap-no\">\n\t\t\t\t\t<div class=\"elementor-column elementor-col-50 elementor-top-column elementor-element elementor-element-209ab76\" data-id=\"209ab76\" data-element_type=\"column\">\n\t\t\t<div class=\"elementor-widget-wrap elementor-element-populated\">\n\t\t\t\t\t\t<div class=\"elementor-element elementor-element-8ee3514 elementor-widget elementor-widget-image\" data-id=\"8ee3514\" data-element_type=\"widget\" data-widget_type=\"image.default\">\n\t\t\t\t<div class=\"elementor-widget-container\">\n\t\t\t\t\t\t\t\t\t\t\t\t\t\t\t\t<a href=\"https:\/\/www.carsopharm.com\/sl\/podrocja-delovanja\/zastopstva-medicinskih-pripomockov-in-diagnostike\/\">\n\t\t\t\t\t\t\t<img decoding=\"async\" src=\"https:\/\/www.carsopharm.com\/wp-content\/uploads\/2020\/11\/ikona-zastopstva-medicinski.svg\" class=\"attachment-full size-full wp-image-333\" alt=\"Zastopstva medicinskih pripomo\u010dkov in diagnostike\" \/>\t\t\t\t\t\t\t\t<\/a>\n\t\t\t\t\t\t\t\t\t\t\t\t\t\t\t<\/div>\n\t\t\t\t<\/div>\n\t\t\t\t<div class=\"elementor-element elementor-element-a482e21 elementor-widget elementor-widget-heading\" data-id=\"a482e21\" data-element_type=\"widget\" data-widget_type=\"heading.default\">\n\t\t\t\t<div class=\"elementor-widget-container\">\n\t\t\t\t\t<h2 class=\"elementor-heading-title elementor-size-default\"><a href=\"https:\/\/www.carsopharm.com\/sl\/podrocja-delovanja\/zastopstva-medicinskih-pripomockov-in-diagnostike\/\">Zastopstva medicinskih pripomo\u010dkov in diagnostike<\/a><\/h2>\t\t\t\t<\/div>\n\t\t\t\t<\/div>\n\t\t\t\t<div class=\"elementor-element elementor-element-cbef0bc elementor-widget elementor-widget-text-editor\" data-id=\"cbef0bc\" data-element_type=\"widget\" data-widget_type=\"text-editor.default\">\n\t\t\t\t<div class=\"elementor-widget-container\">\n\t\t\t\t\t\t\t\t\t<p>Sodelujemo s svetovno priznanimi proizvajalci na podro\u010dju klini\u010dne kemije, imunokemije, hematologije, nevro, aortic vascular, abdominalne ter kardio kirurgije.<br \/><a href=\"https:\/\/www.carsopharm.com\/sl\/podrocja-delovanja\/zastopstva-medicinskih-pripomockov-in-diagnostike\/\">Ve\u010d &#8230;<\/a><\/p>\t\t\t\t\t\t\t\t<\/div>\n\t\t\t\t<\/div>\n\t\t\t\t\t<\/div>\n\t\t<\/div>\n\t\t\t\t<div class=\"elementor-column elementor-col-50 elementor-top-column elementor-element elementor-element-f4ad953\" data-id=\"f4ad953\" data-element_type=\"column\">\n\t\t\t<div class=\"elementor-widget-wrap elementor-element-populated\">\n\t\t\t\t\t\t<div class=\"elementor-element elementor-element-b2a74f1 elementor-widget elementor-widget-image\" data-id=\"b2a74f1\" data-element_type=\"widget\" data-widget_type=\"image.default\">\n\t\t\t\t<div class=\"elementor-widget-container\">\n\t\t\t\t\t\t\t\t\t\t\t\t\t\t\t<img decoding=\"async\" src=\"https:\/\/www.carsopharm.com\/wp-content\/uploads\/2020\/11\/ikona-zastopstva-ovojnina.svg\" class=\"attachment-full size-full wp-image-334\" alt=\"Farmacevtska ovojnina\" \/>\t\t\t\t\t\t\t\t\t\t\t\t\t\t\t<\/div>\n\t\t\t\t<\/div>\n\t\t\t\t<div class=\"elementor-element elementor-element-0d93149 elementor-widget elementor-widget-heading\" data-id=\"0d93149\" data-element_type=\"widget\" data-widget_type=\"heading.default\">\n\t\t\t\t<div class=\"elementor-widget-container\">\n\t\t\t\t\t<h2 class=\"elementor-heading-title elementor-size-default\">Farmacevtska ovojnina<\/h2>\t\t\t\t<\/div>\n\t\t\t\t<\/div>\n\t\t\t\t<div class=\"elementor-element elementor-element-bf91400 elementor-widget elementor-widget-text-editor\" data-id=\"bf91400\" data-element_type=\"widget\" data-widget_type=\"text-editor.default\">\n\t\t\t\t<div class=\"elementor-widget-container\">\n\t\t\t\t\t\t\t\t\t<p>Ponujamo polimerne plastenke, steklenice ter drugo farmacevtsko ovojnino priznanih proizvajalcev.<\/p>\t\t\t\t\t\t\t\t<\/div>\n\t\t\t\t<\/div>\n\t\t\t\t\t<\/div>\n\t\t<\/div>\n\t\t\t\t\t<\/div>\n\t\t<\/section>\n\t\t\t\t<section class=\"elementor-section elementor-top-section elementor-element elementor-element-46ff20e elementor-section-boxed elementor-section-height-default elementor-section-height-default\" data-id=\"46ff20e\" data-element_type=\"section\">\n\t\t\t\t\t\t<div class=\"elementor-container elementor-column-gap-no\">\n\t\t\t\t\t<div class=\"elementor-column elementor-col-50 elementor-top-column elementor-element elementor-element-6dbf810\" data-id=\"6dbf810\" data-element_type=\"column\">\n\t\t\t<div class=\"elementor-widget-wrap elementor-element-populated\">\n\t\t\t\t\t\t<div class=\"elementor-element elementor-element-677ae5a elementor-blockquote--skin-clean elementor-widget elementor-widget-blockquote\" data-id=\"677ae5a\" data-element_type=\"widget\" data-widget_type=\"blockquote.default\">\n\t\t\t\t<div class=\"elementor-widget-container\">\n\t\t\t\t\t\t\t<blockquote class=\"elementor-blockquote\">\n\t\t\t<p class=\"elementor-blockquote__content\">\n\t\t\t\tZ osredoto\u010denimi marketin\u0161kimi in prodajnimi aktivnostmi poskrbimo za ustrezno dostopnost, informiranost in vidljivost va\u0161ih izdelkov.\t\t\t<\/p>\n\t\t\t\t\t<\/blockquote>\n\t\t\t\t\t\t<\/div>\n\t\t\t\t<\/div>\n\t\t\t\t\t<\/div>\n\t\t<\/div>\n\t\t\t\t<div class=\"elementor-column elementor-col-50 elementor-top-column elementor-element elementor-element-0089d5a\" data-id=\"0089d5a\" data-element_type=\"column\">\n\t\t\t<div class=\"elementor-widget-wrap elementor-element-populated\">\n\t\t\t\t\t\t<div class=\"elementor-element elementor-element-618d720 elementor-widget elementor-widget-text-editor\" data-id=\"618d720\" data-element_type=\"widget\" data-widget_type=\"text-editor.default\">\n\t\t\t\t<div class=\"elementor-widget-container\">\n\t\t\t\t\t\t\t\t\t<p>V kolikor va\u0161 izdelek potrebuje tudi regulatorno ali medicinsko podporo, za njo skrbi ekipa izku\u0161enih sodelavcev. Pri dostopu va\u0161ega izdelka na trg vam pomagamo z raziskavami trga, oblikovanjem in prijavo cen ter pogajanji s pla\u010dniki.<\/p><p>Vsaka od divizij je sestavljena iz zaposlenih z ve\u010dletnimi izku\u0161njami v doti\u010dni panogi. Le s strokovnim, motiviranim in izobra\u017eenim osebjem lahko konstantno dosegamo visoka pri\u010dakovanja zastopanih podjetij ter skrbno sledimo pravilom skladnosti poslovanja.<\/p>\t\t\t\t\t\t\t\t<\/div>\n\t\t\t\t<\/div>\n\t\t\t\t\t<\/div>\n\t\t<\/div>\n\t\t\t\t\t<\/div>\n\t\t<\/section>\n\t\t\t\t<section class=\"elementor-section elementor-top-section elementor-element elementor-element-e5e13b8 elementor-section-boxed elementor-section-height-default elementor-section-height-default\" data-id=\"e5e13b8\" data-element_type=\"section\">\n\t\t\t\t\t\t<div class=\"elementor-container elementor-column-gap-no\">\n\t\t\t\t\t<div class=\"elementor-column elementor-col-50 elementor-top-column elementor-element elementor-element-61ab725\" data-id=\"61ab725\" data-element_type=\"column\">\n\t\t\t<div class=\"elementor-widget-wrap elementor-element-populated\">\n\t\t\t\t\t\t<section class=\"elementor-section elementor-inner-section elementor-element elementor-element-5625a5a elementor-section-boxed elementor-section-height-default elementor-section-height-default\" data-id=\"5625a5a\" data-element_type=\"section\">\n\t\t\t\t\t\t<div class=\"elementor-container elementor-column-gap-default\">\n\t\t\t\t\t<div class=\"elementor-column elementor-col-100 elementor-inner-column elementor-element elementor-element-8ea97f7\" data-id=\"8ea97f7\" data-element_type=\"column\" data-settings=\"{&quot;background_background&quot;:&quot;classic&quot;}\">\n\t\t\t<div class=\"elementor-widget-wrap elementor-element-populated\">\n\t\t\t\t\t\t<div class=\"elementor-element elementor-element-94a5289 elementor-widget elementor-widget-heading\" data-id=\"94a5289\" data-element_type=\"widget\" data-widget_type=\"heading.default\">\n\t\t\t\t<div class=\"elementor-widget-container\">\n\t\t\t\t\t<h3 class=\"elementor-heading-title elementor-size-default\">Na\u0161i partnerji<\/h3>\t\t\t\t<\/div>\n\t\t\t\t<\/div>\n\t\t\t\t\t<\/div>\n\t\t<\/div>\n\t\t\t\t\t<\/div>\n\t\t<\/section>\n\t\t\t\t\t<\/div>\n\t\t<\/div>\n\t\t\t\t<div class=\"elementor-column elementor-col-50 elementor-top-column elementor-element elementor-element-6b27e0e\" data-id=\"6b27e0e\" data-element_type=\"column\">\n\t\t\t<div class=\"elementor-widget-wrap elementor-element-populated\">\n\t\t\t\t\t\t<div class=\"elementor-element elementor-element-139e47d gallery-spacing-custom elementor-widget elementor-widget-image-gallery\" data-id=\"139e47d\" data-element_type=\"widget\" data-widget_type=\"image-gallery.default\">\n\t\t\t\t<div class=\"elementor-widget-container\">\n\t\t\t\t\t\t\t<div class=\"elementor-image-gallery\">\n\t\t\t<div id='gallery-1' class='gallery galleryid-314 gallery-columns-4 gallery-size-full'><figure class='gallery-item'>\n\t\t\t<div class='gallery-icon landscape'>\n\t\t\t\t<img decoding=\"async\" width=\"120\" height=\"60\" src=\"https:\/\/www.carsopharm.com\/wp-content\/uploads\/logo-partner-gsk.png\" class=\"attachment-full size-full\" alt=\"\" \/>\n\t\t\t<\/div><\/figure><figure class='gallery-item'>\n\t\t\t<div class='gallery-icon landscape'>\n\t\t\t\t<img decoding=\"async\" width=\"120\" height=\"60\" src=\"https:\/\/www.carsopharm.com\/wp-content\/uploads\/logo-partner-msd.png\" class=\"attachment-full size-full\" alt=\"\" \/>\n\t\t\t<\/div><\/figure><figure class='gallery-item'>\n\t\t\t<div class='gallery-icon landscape'>\n\t\t\t\t<img decoding=\"async\" width=\"120\" height=\"60\" src=\"https:\/\/www.carsopharm.com\/wp-content\/uploads\/logo-partner-klosterfrau.png\" class=\"attachment-full size-full\" alt=\"\" \/>\n\t\t\t<\/div><\/figure><figure class='gallery-item'>\n\t\t\t<div class='gallery-icon landscape'>\n\t\t\t\t<img loading=\"lazy\" decoding=\"async\" width=\"120\" height=\"60\" src=\"https:\/\/www.carsopharm.com\/wp-content\/uploads\/logo-partner-jamieson.png\" class=\"attachment-full size-full\" alt=\"\" \/>\n\t\t\t<\/div><\/figure><figure class='gallery-item'>\n\t\t\t<div class='gallery-icon landscape'>\n\t\t\t\t<img loading=\"lazy\" decoding=\"async\" width=\"120\" height=\"60\" src=\"https:\/\/www.carsopharm.com\/wp-content\/uploads\/logo-partner-abbot.png\" class=\"attachment-full size-full\" alt=\"\" \/>\n\t\t\t<\/div><\/figure><figure class='gallery-item'>\n\t\t\t<div class='gallery-icon landscape'>\n\t\t\t\t<img loading=\"lazy\" decoding=\"async\" width=\"120\" height=\"60\" src=\"https:\/\/www.carsopharm.com\/wp-content\/uploads\/logo-partner-hubner.png\" class=\"attachment-full size-full\" alt=\"\" \/>\n\t\t\t<\/div><\/figure><figure class='gallery-item'>\n\t\t\t<div class='gallery-icon landscape'>\n\t\t\t\t<img loading=\"lazy\" decoding=\"async\" width=\"120\" height=\"60\" src=\"https:\/\/www.carsopharm.com\/wp-content\/uploads\/logo-partner-alcon.png\" class=\"attachment-full size-full\" alt=\"\" \/>\n\t\t\t<\/div><\/figure><figure class='gallery-item'>\n\t\t\t<div class='gallery-icon landscape'>\n\t\t\t\t<img loading=\"lazy\" decoding=\"async\" width=\"120\" height=\"60\" src=\"https:\/\/www.carsopharm.com\/wp-content\/uploads\/logo-partner-metronic.png\" class=\"attachment-full size-full\" alt=\"\" \/>\n\t\t\t<\/div><\/figure>\n\t\t<\/div>\n\t\t<\/div>\n\t\t\t\t\t\t<\/div>\n\t\t\t\t<\/div>\n\t\t\t\t\t<\/div>\n\t\t<\/div>\n\t\t\t\t\t<\/div>\n\t\t<\/section>\n\t\t\t\t<\/div>\n\t\t","protected":false},"excerpt":{"rendered":"<p>Ponujamo celostne storitve najvi\u0161je kvalitete ter tako zagotavljamo najbolj\u0161e mo\u017ene pogoje za zastopstva razli\u010dnih podro\u010dij. Partnerstva s farmacevtsko industrijo Zastopamo zdravila na recept in bolni\u0161ni\u010dna zdravila (Rx) ve\u010d mednarodnih farmacevtskih podjetij v Jugovzhodni Evropi (JVE). Ve\u010d &#8230; Zastopstva OTC izdelkov Zastopamo ve\u010d farmacevtskih podjetij z zdravili brez recepta, prehranskimi dopolnili in medicinskimi pripomo\u010dki. Ve\u010d &#8230; [&hellip;]<\/p>\n","protected":false},"author":1,"featured_media":0,"parent":0,"menu_order":0,"comment_status":"closed","ping_status":"closed","template":"","meta":{"footnotes":""},"class_list":["post-314","page","type-page","status-publish","hentry"],"_links":{"self":[{"href":"https:\/\/www.carsopharm.com\/sl\/wp-json\/wp\/v2\/pages\/314","targetHints":{"allow":["GET"]}}],"collection":[{"href":"https:\/\/www.carsopharm.com\/sl\/wp-json\/wp\/v2\/pages"}],"about":[{"href":"https:\/\/www.carsopharm.com\/sl\/wp-json\/wp\/v2\/types\/page"}],"author":[{"embeddable":true,"href":"https:\/\/www.carsopharm.com\/sl\/wp-json\/wp\/v2\/users\/1"}],"replies":[{"embeddable":true,"href":"https:\/\/www.carsopharm.com\/sl\/wp-json\/wp\/v2\/comments?post=314"}],"version-history":[{"count":13,"href":"https:\/\/www.carsopharm.com\/sl\/wp-json\/wp\/v2\/pages\/314\/revisions"}],"predecessor-version":[{"id":1871,"href":"https:\/\/www.carsopharm.com\/sl\/wp-json\/wp\/v2\/pages\/314\/revisions\/1871"}],"wp:attachment":[{"href":"https:\/\/www.carsopharm.com\/sl\/wp-json\/wp\/v2\/media?parent=314"}],"curies":[{"name":"wp","href":"https:\/\/api.w.org\/{rel}","templated":true}]}}