{"id":381,"date":"2020-11-11T12:26:31","date_gmt":"2020-11-11T11:26:31","guid":{"rendered":"https:\/\/dev-carsopharm.votan.co\/?page_id=381"},"modified":"2022-02-10T11:25:56","modified_gmt":"2022-02-10T10:25:56","slug":"zastopstva-medicinskih-pripomockov-in-diagnostike","status":"publish","type":"page","link":"https:\/\/www.carsopharm.com\/sl\/podrocja-delovanja\/zastopstva-medicinskih-pripomockov-in-diagnostike\/","title":{"rendered":"Zastopstva medicinskih pripomo\u010dkov in diagnostike"},"content":{"rendered":"\t\t<div data-elementor-type=\"wp-page\" data-elementor-id=\"381\" class=\"elementor elementor-381\" data-elementor-post-type=\"page\">\n\t\t\t\t\t\t<section class=\"elementor-section elementor-top-section elementor-element elementor-element-ded61a4 elementor-section-height-min-height elementor-section-boxed elementor-section-height-default elementor-section-items-middle\" data-id=\"ded61a4\" data-element_type=\"section\" data-settings=\"{&quot;background_background&quot;:&quot;classic&quot;}\">\n\t\t\t\t\t\t<div class=\"elementor-container elementor-column-gap-default\">\n\t\t\t\t\t<div class=\"elementor-column elementor-col-100 elementor-top-column elementor-element elementor-element-04c8e58\" data-id=\"04c8e58\" data-element_type=\"column\">\n\t\t\t<div class=\"elementor-widget-wrap\">\n\t\t\t\t\t\t\t<\/div>\n\t\t<\/div>\n\t\t\t\t\t<\/div>\n\t\t<\/section>\n\t\t\t\t<section class=\"elementor-section elementor-top-section elementor-element elementor-element-6d8a83c elementor-section-boxed elementor-section-height-default elementor-section-height-default\" data-id=\"6d8a83c\" data-element_type=\"section\">\n\t\t\t\t\t\t<div class=\"elementor-container elementor-column-gap-no\">\n\t\t\t\t\t<div class=\"elementor-column elementor-col-50 elementor-top-column elementor-element elementor-element-8d4ff59\" data-id=\"8d4ff59\" data-element_type=\"column\">\n\t\t\t<div class=\"elementor-widget-wrap elementor-element-populated\">\n\t\t\t\t\t\t<section class=\"elementor-section elementor-inner-section elementor-element elementor-element-d0663d3 elementor-section-boxed elementor-section-height-default elementor-section-height-default\" data-id=\"d0663d3\" data-element_type=\"section\">\n\t\t\t\t\t\t<div class=\"elementor-container elementor-column-gap-default\">\n\t\t\t\t\t<div class=\"elementor-column elementor-col-100 elementor-inner-column elementor-element elementor-element-98c3395\" data-id=\"98c3395\" data-element_type=\"column\" data-settings=\"{&quot;background_background&quot;:&quot;classic&quot;}\">\n\t\t\t<div class=\"elementor-widget-wrap elementor-element-populated\">\n\t\t\t\t\t\t\t<\/div>\n\t\t<\/div>\n\t\t\t\t\t<\/div>\n\t\t<\/section>\n\t\t\t\t\t<\/div>\n\t\t<\/div>\n\t\t\t\t<div class=\"elementor-column elementor-col-50 elementor-top-column elementor-element elementor-element-ec52801\" data-id=\"ec52801\" data-element_type=\"column\">\n\t\t\t<div class=\"elementor-widget-wrap elementor-element-populated\">\n\t\t\t\t\t\t<div class=\"elementor-element elementor-element-24f44ef elementor-widget elementor-widget-image\" data-id=\"24f44ef\" data-element_type=\"widget\" data-widget_type=\"image.default\">\n\t\t\t\t<div class=\"elementor-widget-container\">\n\t\t\t\t\t\t\t\t\t\t\t\t\t\t\t<img decoding=\"async\" src=\"https:\/\/www.carsopharm.com\/wp-content\/uploads\/2020\/11\/ikona-zastopstva-medicinski.svg\" class=\"attachment-full size-full wp-image-333\" alt=\"Zastopstva medicinskih pripomo\u010dkov in diagnostike\" \/>\t\t\t\t\t\t\t\t\t\t\t\t\t\t\t<\/div>\n\t\t\t\t<\/div>\n\t\t\t\t<div class=\"elementor-element elementor-element-7c32b25 elementor-widget elementor-widget-text-editor\" data-id=\"7c32b25\" data-element_type=\"widget\" data-widget_type=\"text-editor.default\">\n\t\t\t\t<div class=\"elementor-widget-container\">\n\t\t\t\t\t\t\t\t\t<p>V diviziji medicinskih pripomo\u010dkov in diagnostike \u017ee vrsto let sodelujemo s svetovno priznanimi proizvajalci na podro\u010dju klini\u010dne kemije, imunokemije, hematologije, nevro, aortic vascular, abdominalne ter kardio kirurgije. Izvajamo aktivnosti na podro\u010dju tr\u017eenja, strokovne poprodajne in aplikativne podpore.<\/p><p>Podjetje je z naborom diagnosti\u010dne opreme in medicinskih pripomo\u010dkov prisotno v zdravstvenih ustanovah \u0161irom Slovenije s poslanstvom zagotoviti najkakovostnej\u0161e storitve ter dodano vrednost za obstoje\u010de partnerje in uporabnike. Nenehno dopolnjujemo prodajni program z visoko kakovostnimi produkti in re\u0161itvami, z \u017eeljo ponuditi strankam \u0161irok nabor produktov v diagnosti\u010dnih laboratorijih.<\/p><p>Skupino sestavljajo sodelavci s poglobljenim strokovnim znanjem in dolgoletnimi izku\u0161njami, ki nenehno sledijo strokovnim smernicam in novostim na podro\u010dju diagnostike in medicinskih pripomo\u010dkov. Le tako lahko zagotovimo visoko raven zadovoljstva, odli\u010dnih rezultatov ter skrbimo za vzdr\u017eevanje uspe\u0161nih in dolgoro\u010dnih odnosov z na\u0161imi partnerji in uporabniki.<\/p>\t\t\t\t\t\t\t\t<\/div>\n\t\t\t\t<\/div>\n\t\t\t\t\t<\/div>\n\t\t<\/div>\n\t\t\t\t\t<\/div>\n\t\t<\/section>\n\t\t\t\t<section class=\"elementor-section elementor-top-section elementor-element elementor-element-68b043a elementor-section-boxed elementor-section-height-default elementor-section-height-default\" data-id=\"68b043a\" data-element_type=\"section\">\n\t\t\t\t\t\t<div class=\"elementor-container elementor-column-gap-no\">\n\t\t\t\t\t<div class=\"elementor-column elementor-col-100 elementor-top-column elementor-element elementor-element-dc9cc8e\" data-id=\"dc9cc8e\" data-element_type=\"column\">\n\t\t\t<div class=\"elementor-widget-wrap elementor-element-populated\">\n\t\t\t\t\t\t<div class=\"elementor-element elementor-element-e2fca0a elementor-widget elementor-widget-image\" data-id=\"e2fca0a\" data-element_type=\"widget\" data-widget_type=\"image.default\">\n\t\t\t\t<div class=\"elementor-widget-container\">\n\t\t\t\t\t\t\t\t\t\t\t\t\t\t\t<img fetchpriority=\"high\" decoding=\"async\" width=\"1200\" height=\"400\" src=\"https:\/\/www.carsopharm.com\/wp-content\/uploads\/foto-zastopstva-medicinskih-1.jpg\" class=\"attachment-full size-full wp-image-1241\" alt=\"Zastopstva medicinskih pripomo\u010dkov in diagnostike \u2013 CARSO pharm\" srcset=\"https:\/\/www.carsopharm.com\/wp-content\/uploads\/foto-zastopstva-medicinskih-1.jpg 1200w, https:\/\/www.carsopharm.com\/wp-content\/uploads\/foto-zastopstva-medicinskih-1-300x100.jpg 300w, https:\/\/www.carsopharm.com\/wp-content\/uploads\/foto-zastopstva-medicinskih-1-1024x341.jpg 1024w, https:\/\/www.carsopharm.com\/wp-content\/uploads\/foto-zastopstva-medicinskih-1-768x256.jpg 768w\" sizes=\"(max-width: 1200px) 100vw, 1200px\" \/>\t\t\t\t\t\t\t\t\t\t\t\t\t\t\t<\/div>\n\t\t\t\t<\/div>\n\t\t\t\t\t<\/div>\n\t\t<\/div>\n\t\t\t\t\t<\/div>\n\t\t<\/section>\n\t\t\t\t<section class=\"elementor-section elementor-top-section elementor-element elementor-element-052bcaa elementor-section-boxed elementor-section-height-default elementor-section-height-default\" data-id=\"052bcaa\" data-element_type=\"section\">\n\t\t\t\t\t\t<div class=\"elementor-container elementor-column-gap-no\">\n\t\t\t\t\t<div class=\"elementor-column elementor-col-50 elementor-top-column elementor-element elementor-element-2ab6c92\" data-id=\"2ab6c92\" data-element_type=\"column\">\n\t\t\t<div class=\"elementor-widget-wrap elementor-element-populated\">\n\t\t\t\t\t\t<section class=\"elementor-section elementor-inner-section elementor-element elementor-element-52d106f elementor-section-boxed elementor-section-height-default elementor-section-height-default\" data-id=\"52d106f\" data-element_type=\"section\">\n\t\t\t\t\t\t<div class=\"elementor-container elementor-column-gap-default\">\n\t\t\t\t\t<div class=\"elementor-column elementor-col-100 elementor-inner-column elementor-element elementor-element-1ccd3ac\" data-id=\"1ccd3ac\" data-element_type=\"column\" data-settings=\"{&quot;background_background&quot;:&quot;classic&quot;}\">\n\t\t\t<div class=\"elementor-widget-wrap elementor-element-populated\">\n\t\t\t\t\t\t<div class=\"elementor-element elementor-element-e503295 elementor-widget elementor-widget-heading\" data-id=\"e503295\" data-element_type=\"widget\" data-widget_type=\"heading.default\">\n\t\t\t\t<div class=\"elementor-widget-container\">\n\t\t\t\t\t<h3 class=\"elementor-heading-title elementor-size-default\">Na\u0161i partnerji<\/h3>\t\t\t\t<\/div>\n\t\t\t\t<\/div>\n\t\t\t\t\t<\/div>\n\t\t<\/div>\n\t\t\t\t\t<\/div>\n\t\t<\/section>\n\t\t\t\t\t<\/div>\n\t\t<\/div>\n\t\t\t\t<div class=\"elementor-column elementor-col-50 elementor-top-column elementor-element elementor-element-448a617\" data-id=\"448a617\" data-element_type=\"column\">\n\t\t\t<div class=\"elementor-widget-wrap elementor-element-populated\">\n\t\t\t\t\t\t<div class=\"elementor-element elementor-element-c21296c gallery-spacing-custom elementor-widget elementor-widget-image-gallery\" data-id=\"c21296c\" data-element_type=\"widget\" data-widget_type=\"image-gallery.default\">\n\t\t\t\t<div class=\"elementor-widget-container\">\n\t\t\t\t\t\t\t<div class=\"elementor-image-gallery\">\n\t\t\t<div id='gallery-1' class='gallery galleryid-381 gallery-columns-4 gallery-size-full'><figure class='gallery-item'>\n\t\t\t<div class='gallery-icon landscape'>\n\t\t\t\t<img decoding=\"async\" width=\"120\" height=\"60\" src=\"https:\/\/www.carsopharm.com\/wp-content\/uploads\/logo-partner-abbot.png\" class=\"attachment-full size-full\" alt=\"\" \/>\n\t\t\t<\/div><\/figure><figure class='gallery-item'>\n\t\t\t<div class='gallery-icon landscape'>\n\t\t\t\t<img decoding=\"async\" width=\"120\" height=\"60\" src=\"https:\/\/www.carsopharm.com\/wp-content\/uploads\/logo-partner-diasys.png\" class=\"attachment-full size-full\" alt=\"\" \/>\n\t\t\t<\/div><\/figure><figure class='gallery-item'>\n\t\t\t<div class='gallery-icon landscape'>\n\t\t\t\t<img loading=\"lazy\" decoding=\"async\" width=\"120\" height=\"40\" src=\"https:\/\/www.carsopharm.com\/wp-content\/uploads\/logo_karlstorz_de.png2_.png\" class=\"attachment-full size-full\" alt=\"\" \/>\n\t\t\t<\/div><\/figure>\n\t\t<\/div>\n\t\t<\/div>\n\t\t\t\t\t\t<\/div>\n\t\t\t\t<\/div>\n\t\t\t\t\t<\/div>\n\t\t<\/div>\n\t\t\t\t\t<\/div>\n\t\t<\/section>\n\t\t\t\t<section class=\"elementor-section elementor-top-section elementor-element elementor-element-efae5be elementor-section-boxed elementor-section-height-default elementor-section-height-default\" data-id=\"efae5be\" data-element_type=\"section\">\n\t\t\t\t\t\t<div class=\"elementor-container elementor-column-gap-no\">\n\t\t\t\t\t<div class=\"elementor-column elementor-col-50 elementor-top-column elementor-element elementor-element-a51c22d\" data-id=\"a51c22d\" data-element_type=\"column\">\n\t\t\t<div class=\"elementor-widget-wrap elementor-element-populated\">\n\t\t\t\t\t\t<section class=\"elementor-section elementor-inner-section elementor-element elementor-element-e823ab4 elementor-section-boxed elementor-section-height-default elementor-section-height-default\" data-id=\"e823ab4\" data-element_type=\"section\">\n\t\t\t\t\t\t<div class=\"elementor-container elementor-column-gap-default\">\n\t\t\t\t\t<div class=\"elementor-column elementor-col-100 elementor-inner-column elementor-element elementor-element-ce372f0\" data-id=\"ce372f0\" data-element_type=\"column\" data-settings=\"{&quot;background_background&quot;:&quot;classic&quot;}\">\n\t\t\t<div class=\"elementor-widget-wrap elementor-element-populated\">\n\t\t\t\t\t\t<div class=\"elementor-element elementor-element-ae4c5b1 elementor-widget elementor-widget-heading\" data-id=\"ae4c5b1\" data-element_type=\"widget\" data-widget_type=\"heading.default\">\n\t\t\t\t<div class=\"elementor-widget-container\">\n\t\t\t\t\t<h3 class=\"elementor-heading-title elementor-size-default\">Kontakt<\/h3>\t\t\t\t<\/div>\n\t\t\t\t<\/div>\n\t\t\t\t\t<\/div>\n\t\t<\/div>\n\t\t\t\t\t<\/div>\n\t\t<\/section>\n\t\t\t\t\t<\/div>\n\t\t<\/div>\n\t\t\t\t<div class=\"elementor-column elementor-col-50 elementor-top-column elementor-element elementor-element-e830031\" data-id=\"e830031\" data-element_type=\"column\">\n\t\t\t<div class=\"elementor-widget-wrap elementor-element-populated\">\n\t\t\t\t\t\t<div class=\"elementor-element elementor-element-ca8df11 elementor-widget elementor-widget-text-editor\" data-id=\"ca8df11\" data-element_type=\"widget\" data-widget_type=\"text-editor.default\">\n\t\t\t\t<div class=\"elementor-widget-container\">\n\t\t\t\t\t\t\t\t\t<p>\u017delite izvedeti ve\u010d? Stopite v stik z nami na <a href=\"mailto:mdd@carsopharm.com\">mdd@carsopharm.com<\/a>.<\/p>\t\t\t\t\t\t\t\t<\/div>\n\t\t\t\t<\/div>\n\t\t\t\t\t<\/div>\n\t\t<\/div>\n\t\t\t\t\t<\/div>\n\t\t<\/section>\n\t\t\t\t<\/div>\n\t\t","protected":false},"excerpt":{"rendered":"<p>V diviziji medicinskih pripomo\u010dkov in diagnostike \u017ee vrsto let sodelujemo s svetovno priznanimi proizvajalci na podro\u010dju klini\u010dne kemije, imunokemije, hematologije, nevro, aortic vascular, abdominalne ter kardio kirurgije. Izvajamo aktivnosti na podro\u010dju tr\u017eenja, strokovne poprodajne in aplikativne podpore. Podjetje je z naborom diagnosti\u010dne opreme in medicinskih pripomo\u010dkov prisotno v zdravstvenih ustanovah \u0161irom Slovenije s poslanstvom zagotoviti [&hellip;]<\/p>\n","protected":false},"author":1,"featured_media":0,"parent":314,"menu_order":0,"comment_status":"closed","ping_status":"closed","template":"","meta":{"footnotes":""},"class_list":["post-381","page","type-page","status-publish","hentry"],"_links":{"self":[{"href":"https:\/\/www.carsopharm.com\/sl\/wp-json\/wp\/v2\/pages\/381","targetHints":{"allow":["GET"]}}],"collection":[{"href":"https:\/\/www.carsopharm.com\/sl\/wp-json\/wp\/v2\/pages"}],"about":[{"href":"https:\/\/www.carsopharm.com\/sl\/wp-json\/wp\/v2\/types\/page"}],"author":[{"embeddable":true,"href":"https:\/\/www.carsopharm.com\/sl\/wp-json\/wp\/v2\/users\/1"}],"replies":[{"embeddable":true,"href":"https:\/\/www.carsopharm.com\/sl\/wp-json\/wp\/v2\/comments?post=381"}],"version-history":[{"count":6,"href":"https:\/\/www.carsopharm.com\/sl\/wp-json\/wp\/v2\/pages\/381\/revisions"}],"predecessor-version":[{"id":2160,"href":"https:\/\/www.carsopharm.com\/sl\/wp-json\/wp\/v2\/pages\/381\/revisions\/2160"}],"up":[{"embeddable":true,"href":"https:\/\/www.carsopharm.com\/sl\/wp-json\/wp\/v2\/pages\/314"}],"wp:attachment":[{"href":"https:\/\/www.carsopharm.com\/sl\/wp-json\/wp\/v2\/media?parent=381"}],"curies":[{"name":"wp","href":"https:\/\/api.w.org\/{rel}","templated":true}]}}