{"id":412,"date":"2020-11-11T13:10:49","date_gmt":"2020-11-11T12:10:49","guid":{"rendered":"https:\/\/dev-carsopharm.votan.co\/?page_id=412"},"modified":"2023-11-06T17:57:43","modified_gmt":"2023-11-06T16:57:43","slug":"kontakt","status":"publish","type":"page","link":"https:\/\/www.carsopharm.com\/sl\/kontakt\/","title":{"rendered":"Kontakt"},"content":{"rendered":"\t\t<div data-elementor-type=\"wp-page\" data-elementor-id=\"412\" class=\"elementor elementor-412\" data-elementor-post-type=\"page\">\n\t\t\t\t\t\t<section class=\"elementor-section elementor-top-section elementor-element elementor-element-ded61a4 elementor-section-height-min-height elementor-section-boxed elementor-section-height-default elementor-section-items-middle\" data-id=\"ded61a4\" data-element_type=\"section\" data-settings=\"{&quot;background_background&quot;:&quot;classic&quot;}\">\n\t\t\t\t\t\t<div class=\"elementor-container elementor-column-gap-default\">\n\t\t\t\t\t<div class=\"elementor-column elementor-col-100 elementor-top-column elementor-element elementor-element-04c8e58\" data-id=\"04c8e58\" data-element_type=\"column\">\n\t\t\t<div class=\"elementor-widget-wrap\">\n\t\t\t\t\t\t\t<\/div>\n\t\t<\/div>\n\t\t\t\t\t<\/div>\n\t\t<\/section>\n\t\t\t\t<section class=\"elementor-section elementor-top-section elementor-element elementor-element-6d8a83c elementor-section-boxed elementor-section-height-default elementor-section-height-default\" data-id=\"6d8a83c\" data-element_type=\"section\">\n\t\t\t\t\t\t<div class=\"elementor-container elementor-column-gap-no\">\n\t\t\t\t\t<div class=\"elementor-column elementor-col-50 elementor-top-column elementor-element elementor-element-8d4ff59\" data-id=\"8d4ff59\" data-element_type=\"column\">\n\t\t\t<div class=\"elementor-widget-wrap elementor-element-populated\">\n\t\t\t\t\t\t<section class=\"elementor-section elementor-inner-section elementor-element elementor-element-d0663d3 elementor-section-boxed elementor-section-height-default elementor-section-height-default\" data-id=\"d0663d3\" data-element_type=\"section\">\n\t\t\t\t\t\t<div class=\"elementor-container elementor-column-gap-default\">\n\t\t\t\t\t<div class=\"elementor-column elementor-col-100 elementor-inner-column elementor-element elementor-element-98c3395\" data-id=\"98c3395\" data-element_type=\"column\" data-settings=\"{&quot;background_background&quot;:&quot;classic&quot;}\">\n\t\t\t<div class=\"elementor-widget-wrap elementor-element-populated\">\n\t\t\t\t\t\t\t<\/div>\n\t\t<\/div>\n\t\t\t\t\t<\/div>\n\t\t<\/section>\n\t\t\t\t\t<\/div>\n\t\t<\/div>\n\t\t\t\t<div class=\"elementor-column elementor-col-50 elementor-top-column elementor-element elementor-element-ec52801\" data-id=\"ec52801\" data-element_type=\"column\">\n\t\t\t<div class=\"elementor-widget-wrap elementor-element-populated\">\n\t\t\t\t\t\t<div class=\"elementor-element elementor-element-7c32b25 elementor-widget elementor-widget-text-editor\" data-id=\"7c32b25\" data-element_type=\"widget\" data-widget_type=\"text-editor.default\">\n\t\t\t\t<div class=\"elementor-widget-container\">\n\t\t\t\t\t\t\t\t\t<p><strong>CARSO pharm d.o.o.<\/strong><br \/>Litostrojska cesta 46a<br \/>1000 Ljubljana<\/p>\t\t\t\t\t\t\t\t<\/div>\n\t\t\t\t<\/div>\n\t\t\t\t<div class=\"elementor-element elementor-element-9642ecd elementor-widget elementor-widget-text-editor\" data-id=\"9642ecd\" data-element_type=\"widget\" data-widget_type=\"text-editor.default\">\n\t\t\t\t<div class=\"elementor-widget-container\">\n\t\t\t\t\t\t\t\t\t<p>e: <a href=\"mailto:info@carsopharm.com\">info@carsopharm.com<\/a><br \/>t: <a href=\"tel:015899184\">01 58 99 184<\/a><\/p>\t\t\t\t\t\t\t\t<\/div>\n\t\t\t\t<\/div>\n\t\t\t\t<div class=\"elementor-element elementor-element-5a04b71 elementor-widget elementor-widget-text-editor\" data-id=\"5a04b71\" data-element_type=\"widget\" data-widget_type=\"text-editor.default\">\n\t\t\t\t<div class=\"elementor-widget-container\">\n\t\t\t\t\t\t\t\t\t<p>Dru\u017eba je vpisana pri Okrajnem sodi\u0161\u010du v Ljubljani<br>Osnovni kapital: 1.082.549,00 EUR<br>Identifikacijska \u0161t. za DDV: SI49996428<br>Transakcijski ra\u010dun \u0161t.: SI56 0510 0801 3188 985 pri ABANKA d.d.<br>SWIFT: ABANSI2X<br>\u0160t. reg. vpisa: Srg 2009\/9895<br>Mati\u010dna \u0161tevilja: 2190265000<\/p>\t\t\t\t\t\t\t\t<\/div>\n\t\t\t\t<\/div>\n\t\t\t\t\t<\/div>\n\t\t<\/div>\n\t\t\t\t\t<\/div>\n\t\t<\/section>\n\t\t\t\t<section class=\"elementor-section elementor-top-section elementor-element elementor-element-fdbbbc5 elementor-section-boxed elementor-section-height-default elementor-section-height-default\" data-id=\"fdbbbc5\" data-element_type=\"section\">\n\t\t\t\t\t\t<div class=\"elementor-container elementor-column-gap-no\">\n\t\t\t\t\t<div class=\"elementor-column elementor-col-50 elementor-top-column elementor-element elementor-element-3e7ed21\" data-id=\"3e7ed21\" data-element_type=\"column\">\n\t\t\t<div class=\"elementor-widget-wrap elementor-element-populated\">\n\t\t\t\t\t\t<section class=\"elementor-section elementor-inner-section elementor-element elementor-element-4cc97b1 elementor-section-boxed elementor-section-height-default elementor-section-height-default\" data-id=\"4cc97b1\" data-element_type=\"section\">\n\t\t\t\t\t\t<div class=\"elementor-container elementor-column-gap-default\">\n\t\t\t\t\t<div class=\"elementor-column elementor-col-100 elementor-inner-column elementor-element elementor-element-2ebdcae\" data-id=\"2ebdcae\" data-element_type=\"column\" data-settings=\"{&quot;background_background&quot;:&quot;classic&quot;}\">\n\t\t\t<div class=\"elementor-widget-wrap elementor-element-populated\">\n\t\t\t\t\t\t<div class=\"elementor-element elementor-element-a4e0478 elementor-widget elementor-widget-heading\" data-id=\"a4e0478\" data-element_type=\"widget\" data-widget_type=\"heading.default\">\n\t\t\t\t<div class=\"elementor-widget-container\">\n\t\t\t\t\t<h3 class=\"elementor-heading-title elementor-size-default\">Oddelki<\/h3>\t\t\t\t<\/div>\n\t\t\t\t<\/div>\n\t\t\t\t\t<\/div>\n\t\t<\/div>\n\t\t\t\t\t<\/div>\n\t\t<\/section>\n\t\t\t\t\t<\/div>\n\t\t<\/div>\n\t\t\t\t<div class=\"elementor-column elementor-col-50 elementor-top-column elementor-element elementor-element-fea89c1\" data-id=\"fea89c1\" data-element_type=\"column\">\n\t\t\t<div class=\"elementor-widget-wrap elementor-element-populated\">\n\t\t\t\t\t\t<div class=\"elementor-element elementor-element-c886d87 elementor-widget elementor-widget-text-editor\" data-id=\"c886d87\" data-element_type=\"widget\" data-widget_type=\"text-editor.default\">\n\t\t\t\t<div class=\"elementor-widget-container\">\n\t\t\t\t\t\t\t\t\tFarmacevtska industrija:<br><a href=\"mailto:pharma@carsopharm.com\">pharma@carsopharm.com<\/a>\t\t\t\t\t\t\t\t<\/div>\n\t\t\t\t<\/div>\n\t\t\t\t<div class=\"elementor-element elementor-element-73478bf elementor-widget elementor-widget-text-editor\" data-id=\"73478bf\" data-element_type=\"widget\" data-widget_type=\"text-editor.default\">\n\t\t\t\t<div class=\"elementor-widget-container\">\n\t\t\t\t\t\t\t\t\tZastopstva OTC izdelkov:<br><a href=\"mailto:otc@carsopharm.com\">otc@carsopharm.com<\/a>\t\t\t\t\t\t\t\t<\/div>\n\t\t\t\t<\/div>\n\t\t\t\t<div class=\"elementor-element elementor-element-c45ebef elementor-widget elementor-widget-text-editor\" data-id=\"c45ebef\" data-element_type=\"widget\" data-widget_type=\"text-editor.default\">\n\t\t\t\t<div class=\"elementor-widget-container\">\n\t\t\t\t\t\t\t\t\tMedicinski pripomo\u010dki in diagnostika:<br><a href=\"mailto:mdd@carsopharm.com\">mdd@carsopharm.com<\/a>\t\t\t\t\t\t\t\t<\/div>\n\t\t\t\t<\/div>\n\t\t\t\t<div class=\"elementor-element elementor-element-c0e31d4 elementor-widget elementor-widget-text-editor\" data-id=\"c0e31d4\" data-element_type=\"widget\" data-widget_type=\"text-editor.default\">\n\t\t\t\t<div class=\"elementor-widget-container\">\n\t\t\t\t\t\t\t\t\tFarmacevtska ovojnina:<br><a href=\"mailto:packaging@carsopharm.com\">packaging@carsopharm.com<\/a>\t\t\t\t\t\t\t\t<\/div>\n\t\t\t\t<\/div>\n\t\t\t\t<div class=\"elementor-element elementor-element-ba50709 elementor-widget elementor-widget-text-editor\" data-id=\"ba50709\" data-element_type=\"widget\" data-widget_type=\"text-editor.default\">\n\t\t\t\t<div class=\"elementor-widget-container\">\n\t\t\t\t\t\t\t\t\tZaposlovanje:<br><a href=\"mailto:career@carsopharm.com\">career@carsopharm.com<\/a>\t\t\t\t\t\t\t\t<\/div>\n\t\t\t\t<\/div>\n\t\t\t\t<div class=\"elementor-element elementor-element-6ae783b elementor-widget elementor-widget-text-editor\" data-id=\"6ae783b\" data-element_type=\"widget\" data-widget_type=\"text-editor.default\">\n\t\t\t\t<div class=\"elementor-widget-container\">\n\t\t\t\t\t\t\t\t\t<p>Farmakovigilanca:<br \/><a href=\"mailto:vigilanca@carsopharm.com\">vigilanca@carsopharm.com<\/a><\/p>\t\t\t\t\t\t\t\t<\/div>\n\t\t\t\t<\/div>\n\t\t\t\t\t<\/div>\n\t\t<\/div>\n\t\t\t\t\t<\/div>\n\t\t<\/section>\n\t\t\t\t<section class=\"elementor-section elementor-top-section elementor-element elementor-element-68b043a elementor-section-full_width elementor-section-stretched elementor-section-height-default elementor-section-height-default\" data-id=\"68b043a\" data-element_type=\"section\" data-settings=\"{&quot;stretch_section&quot;:&quot;section-stretched&quot;}\">\n\t\t\t\t\t\t<div class=\"elementor-container elementor-column-gap-no\">\n\t\t\t\t\t<div class=\"elementor-column elementor-col-100 elementor-top-column elementor-element elementor-element-196e0ca\" data-id=\"196e0ca\" data-element_type=\"column\">\n\t\t\t<div class=\"elementor-widget-wrap elementor-element-populated\">\n\t\t\t\t\t\t<div class=\"elementor-element elementor-element-0342470 elementor-widget elementor-widget-google_maps\" data-id=\"0342470\" data-element_type=\"widget\" data-widget_type=\"google_maps.default\">\n\t\t\t\t<div class=\"elementor-widget-container\">\n\t\t\t\t\t\t\t<div class=\"elementor-custom-embed\">\n\t\t\t<iframe loading=\"lazy\"\n\t\t\t\t\tsrc=\"https:\/\/maps.google.com\/maps?q=Carso%20pharm%20d.o.o.%2C%20Litostrojska%20cesta%2046a%2C%20Ljubljana&#038;t=m&#038;z=15&#038;output=embed&#038;iwloc=near\"\n\t\t\t\t\ttitle=\"Carso pharm d.o.o., Litostrojska cesta 46a, Ljubljana\"\n\t\t\t\t\taria-label=\"Carso pharm d.o.o., Litostrojska cesta 46a, Ljubljana\"\n\t\t\t><\/iframe>\n\t\t<\/div>\n\t\t\t\t\t\t<\/div>\n\t\t\t\t<\/div>\n\t\t\t\t\t<\/div>\n\t\t<\/div>\n\t\t\t\t\t<\/div>\n\t\t<\/section>\n\t\t\t\t<\/div>\n\t\t","protected":false},"excerpt":{"rendered":"<p>CARSO pharm d.o.o. Litostrojska cesta 46a 1000 Ljubljana e: info@carsopharm.com t: 01 58 99 184 Dru\u017eba je vpisana pri Okrajnem sodi\u0161\u010du v Ljubljani Osnovni kapital: 1.082.549,00 EUR Identifikacijska \u0161t. za DDV: SI49996428 Transakcijski ra\u010dun \u0161t.: SI56 0510 0801 3188 985 pri ABANKA d.d. SWIFT: ABANSI2X \u0160t. reg. vpisa: Srg 2009\/9895 Mati\u010dna \u0161tevilja: 2190265000 Oddelki Farmacevtska [&hellip;]<\/p>\n","protected":false},"author":1,"featured_media":0,"parent":0,"menu_order":0,"comment_status":"closed","ping_status":"closed","template":"","meta":{"footnotes":""},"class_list":["post-412","page","type-page","status-publish","hentry"],"_links":{"self":[{"href":"https:\/\/www.carsopharm.com\/sl\/wp-json\/wp\/v2\/pages\/412","targetHints":{"allow":["GET"]}}],"collection":[{"href":"https:\/\/www.carsopharm.com\/sl\/wp-json\/wp\/v2\/pages"}],"about":[{"href":"https:\/\/www.carsopharm.com\/sl\/wp-json\/wp\/v2\/types\/page"}],"author":[{"embeddable":true,"href":"https:\/\/www.carsopharm.com\/sl\/wp-json\/wp\/v2\/users\/1"}],"replies":[{"embeddable":true,"href":"https:\/\/www.carsopharm.com\/sl\/wp-json\/wp\/v2\/comments?post=412"}],"version-history":[{"count":1,"href":"https:\/\/www.carsopharm.com\/sl\/wp-json\/wp\/v2\/pages\/412\/revisions"}],"predecessor-version":[{"id":1489,"href":"https:\/\/www.carsopharm.com\/sl\/wp-json\/wp\/v2\/pages\/412\/revisions\/1489"}],"wp:attachment":[{"href":"https:\/\/www.carsopharm.com\/sl\/wp-json\/wp\/v2\/media?parent=412"}],"curies":[{"name":"wp","href":"https:\/\/api.w.org\/{rel}","templated":true}]}}